{"id":3,"date":"2026-02-12T11:10:58","date_gmt":"2026-02-12T11:10:58","guid":{"rendered":"https:\/\/wessbroker.ee\/?page_id=3"},"modified":"2026-02-23T14:36:21","modified_gmt":"2026-02-23T14:36:21","slug":"privaatsuspoliitika","status":"publish","type":"page","link":"https:\/\/wessbroker.ee\/en\/privaatsuspoliitika\/","title":{"rendered":"Privaatsuspoliitika"},"content":{"rendered":"<h2 class=\"wp-block-heading\">Privaatsustingimused (GDPR)<\/h2>\n\n\n\n<h2 class=\"wp-block-heading\">1. Kes me oleme (andmet\u00f6\u00f6tleja)<\/h2>\n\n\n\n<p>Isikuandmete vastutav t\u00f6\u00f6tleja on <strong>Wess Broker O\u00dc<\/strong>.<br>Veebisaidi aadress: <a href=\"https:\/\/wessbroker.ee\/en\/\">https:\/\/wessbroker.ee<\/a><br>Kontakt e-posti teel: <a>info@wessbroker.ee<\/a><\/p>\n\n\n\n<h2 class=\"wp-block-heading\">2. Milliseid isikuandmeid me kogume ja miks<\/h2>\n\n\n\n<h3 class=\"wp-block-heading\">Kommentaarid<\/h3>\n\n\n\n<p>Kui k\u00fclastajad j\u00e4tavad veebisaidile kommentaare, kogume:<\/p>\n\n\n\n<ul class=\"wp-block-list\">\n<li>kommentaarivormis esitatud andmeid;<\/li>\n\n\n\n<li>IP-aadressi;<\/li>\n\n\n\n<li>brauseri kasutajaagendi stringi.<\/li>\n<\/ul>\n\n\n\n<p>Neid andmeid kogutakse \u00f5igustatud huvi alusel (GDPR art 6 lg 1 p f), et ennetada r\u00e4mpsposti ja tagada veebisaidi turvalisus.<\/p>\n\n\n\n<h3 class=\"wp-block-heading\">Meedia<\/h3>\n\n\n\n<p>Kui laadite veebisaidile \u00fcles pilte, soovitame v\u00e4ltida asukohaandmeid (EXIF GPS) sisaldavate failide \u00fcleslaadimist. K\u00fclastajatel v\u00f5ib olla v\u00f5imalik piltidelt asukohaandmeid v\u00e4lja lugeda.<\/p>\n\n\n\n<h2 class=\"wp-block-heading\">3. K\u00fcpsised<\/h2>\n\n\n\n<p>Veebisait kasutab k\u00fcpsiseid, et tagada parem kasutajakogemus ja saidi funktsionaalsus.<\/p>\n\n\n\n<ul class=\"wp-block-list\">\n<li>Kommentaari j\u00e4tmisel v\u00f5ib kasutaja anda n\u00f5usoleku oma nime, e-posti aadressi ja veebiaadressi salvestamiseks k\u00fcpsistesse. Need kehtivad 1 aasta.<\/li>\n\n\n\n<li>Sisselogimislehe k\u00fclastamisel luuakse ajutine k\u00fcpsis, mis kontrollib, kas brauser toetab k\u00fcpsiseid. See kustutatakse brauseri sulgemisel.<\/li>\n\n\n\n<li>Sisselogimisel salvestatakse k\u00fcpsised sisselogimisinfo ja ekraanieelistuste jaoks.\n<ul class=\"wp-block-list\">\n<li>sisselogimisk\u00fcpsised: 2 p\u00e4eva<\/li>\n\n\n\n<li>ekraanieelistuste k\u00fcpsised: 1 aasta<\/li>\n\n\n\n<li>\u201eM\u00e4leta mind\u201c valikul: 2 n\u00e4dalat<\/li>\n<\/ul>\n<\/li>\n\n\n\n<li>Artikli muutmisel v\u00f5i avaldamisel salvestatakse k\u00fcpsis, mis sisaldab ainult artikli ID-d ja aegub 1 p\u00e4eva p\u00e4rast.<\/li>\n<\/ul>\n\n\n\n<p>K\u00fcpsiste kasutamise \u00f5iguslik alus on kasutaja n\u00f5usolek (GDPR art 6 lg 1 p a) ja \u00f5igustatud huvi veebisaidi toimimiseks.<\/p>\n\n\n\n<h2 class=\"wp-block-heading\">4. Manustatud sisu teistelt veebisaitidelt<\/h2>\n\n\n\n<p>Artiklid v\u00f5ivad sisaldada manustatud sisu (nt videod, pildid, artiklid). Manustatud sisu k\u00e4itub samamoodi nagu k\u00fclastaja k\u00fclastaks vastavat kolmandat veebisaiti.<\/p>\n\n\n\n<p>Kolmandad osapooled v\u00f5ivad:<\/p>\n\n\n\n<ul class=\"wp-block-list\">\n<li>koguda andmeid teie kohta;<\/li>\n\n\n\n<li>kasutada k\u00fcpsiseid;<\/li>\n\n\n\n<li>rakendada t\u00e4iendavat j\u00e4lgimist;<\/li>\n\n\n\n<li>j\u00e4lgida teie suhtlust manustatud sisuga, eriti kui olete vastavale teenusele sisse logitud.<\/li>\n<\/ul>\n\n\n\n<h2 class=\"wp-block-heading\">5. Kellega me teie andmeid jagame<\/h2>\n\n\n\n<p>Me ei jaga isikuandmeid kolmandatele osapooltele, v\u00e4lja arvatud:<\/p>\n\n\n\n<ul class=\"wp-block-list\">\n<li>tehnilised teenusepakkujad (nt r\u00e4mpsposti tuvastamise teenused);<\/li>\n\n\n\n<li>parooli l\u00e4htestamisel lisatakse IP-aadress automaatselt l\u00e4htestamise e-kirja.<\/li>\n<\/ul>\n\n\n\n<p>K\u00f5ik teenusepakkujad t\u00f6\u00f6tlevad andmeid vastavalt GDPR-ile.<\/p>\n\n\n\n<h2 class=\"wp-block-heading\">6. Kui kaua me isikuandmeid s\u00e4ilitame<\/h2>\n\n\n\n<ul class=\"wp-block-list\">\n<li>Kommentaarid ja nende metaandmed s\u00e4ilitatakse t\u00e4htajatult, et v\u00f5imaldada j\u00e4rgnevaid kommentaare automaatselt tuvastada ja heaks kiita.<\/li>\n\n\n\n<li>Registreeritud kasutajate profiiliandmeid s\u00e4ilitatakse seni, kuni kasutajakonto on aktiivne.<\/li>\n\n\n\n<li>Kasutajad saavad oma andmeid igal ajal muuta v\u00f5i kustutada (v.a kasutajanimi).<\/li>\n<\/ul>\n\n\n\n<h2 class=\"wp-block-heading\">7. Teie \u00f5igused isikuandmete osas<\/h2>\n\n\n\n<p>Teil on \u00f5igus:<\/p>\n\n\n\n<ul class=\"wp-block-list\">\n<li>saada juurdep\u00e4\u00e4s oma isikuandmetele;<\/li>\n\n\n\n<li>taotleda andmete parandamist;<\/li>\n\n\n\n<li>taotleda isikuandmete kustutamist (\u201e\u00f5igus olla unustatud\u201c);<\/li>\n\n\n\n<li>piirata isikuandmete t\u00f6\u00f6tlemist;<\/li>\n\n\n\n<li>esitada vastuv\u00e4iteid t\u00f6\u00f6tlemisele;<\/li>\n\n\n\n<li>saada oma andmed struktureeritud ja masinloetaval kujul (andmete \u00fclekantavus);<\/li>\n\n\n\n<li>v\u00f5tta igal ajal tagasi oma n\u00f5usolek.<\/li>\n<\/ul>\n\n\n\n<p>Taotlused palume saata e-posti aadressile: <a>info@wessbroker.ee<\/a>.<\/p>\n\n\n\n<h2 class=\"wp-block-heading\">8. Kuhu teie andmed saadetakse<\/h2>\n\n\n\n<p>K\u00fclastajate kommentaare v\u00f5idakse kontrollida automatiseeritud r\u00e4mpsposti tuvastamise teenuse kaudu, mis v\u00f5ib asuda v\u00e4ljaspool Euroopa Liitu. Sellisel juhul tagatakse andmete kaitse vastavalt GDPR n\u00f5uetele (nt lepingu ja standardklauslite kaudu).<\/p>\n\n\n\n<h2 class=\"wp-block-heading\">9. J\u00e4relevalveasutus<\/h2>\n\n\n\n<p>Kui leiate, et teie isikuandmete t\u00f6\u00f6tlemisel on rikutud teie \u00f5igusi, on teil \u00f5igus esitada kaebus Andmekaitse Inspektsioonile (<a href=\"http:\/\/www.aki.ee\">www.aki.ee<\/a>).<\/p>","protected":false},"excerpt":{"rendered":"<p>Privaatsustingimused (GDPR) 1. Kes me oleme (andmet\u00f6\u00f6tleja) Isikuandmete vastutav t\u00f6\u00f6tleja on Wess Broker O\u00dc.Veebisaidi aadress: https:\/\/wessbroker.eeKontakt e-posti teel: info@wessbroker.ee 2. Milliseid isikuandmeid me kogume ja miks Kommentaarid Kui k\u00fclastajad j\u00e4tavad veebisaidile kommentaare, kogume: Neid andmeid kogutakse \u00f5igustatud huvi alusel (GDPR art 6 lg 1 p f), et ennetada r\u00e4mpsposti ja tagada veebisaidi turvalisus. Meedia Kui [&hellip;]<\/p>\n","protected":false},"author":2,"featured_media":0,"parent":0,"menu_order":0,"comment_status":"closed","ping_status":"closed","template":"","meta":{"_monsterinsights_skip_tracking":false,"_monsterinsights_sitenote_active":false,"_monsterinsights_sitenote_note":"","_monsterinsights_sitenote_category":0,"footnotes":""},"class_list":["post-3","page","type-page","status-publish","hentry"],"aioseo_notices":[],"_links":{"self":[{"href":"https:\/\/wessbroker.ee\/en\/wp-json\/wp\/v2\/pages\/3","targetHints":{"allow":["GET"]}}],"collection":[{"href":"https:\/\/wessbroker.ee\/en\/wp-json\/wp\/v2\/pages"}],"about":[{"href":"https:\/\/wessbroker.ee\/en\/wp-json\/wp\/v2\/types\/page"}],"author":[{"embeddable":true,"href":"https:\/\/wessbroker.ee\/en\/wp-json\/wp\/v2\/users\/2"}],"replies":[{"embeddable":true,"href":"https:\/\/wessbroker.ee\/en\/wp-json\/wp\/v2\/comments?post=3"}],"version-history":[{"count":3,"href":"https:\/\/wessbroker.ee\/en\/wp-json\/wp\/v2\/pages\/3\/revisions"}],"predecessor-version":[{"id":522,"href":"https:\/\/wessbroker.ee\/en\/wp-json\/wp\/v2\/pages\/3\/revisions\/522"}],"wp:attachment":[{"href":"https:\/\/wessbroker.ee\/en\/wp-json\/wp\/v2\/media?parent=3"}],"curies":[{"name":"wp","href":"https:\/\/api.w.org\/{rel}","templated":true}]}}