{"id":206,"date":"2026-02-16T09:27:51","date_gmt":"2026-02-16T09:27:51","guid":{"rendered":"https:\/\/wessbroker.ee\/?page_id=206"},"modified":"2026-03-26T14:00:01","modified_gmt":"2026-03-26T14:00:01","slug":"millega-me-tegeleme","status":"publish","type":"page","link":"https:\/\/wessbroker.ee\/en\/millega-me-tegeleme\/","title":{"rendered":"Millega me tegeleme"},"content":{"rendered":"<div data-elementor-type=\"wp-page\" data-elementor-id=\"206\" class=\"elementor elementor-206\">\n\t\t\t\t<div class=\"elementor-element elementor-element-76bab51e e-flex e-con-boxed e-con e-parent\" data-id=\"76bab51e\" data-element_type=\"container\" data-e-type=\"container\">\n\t\t\t\t\t<div class=\"e-con-inner\">\n\t\t\t\t<div class=\"elementor-element elementor-element-ec44863 elementor-widget elementor-widget-heading\" data-id=\"ec44863\" data-element_type=\"widget\" data-e-type=\"widget\" data-widget_type=\"heading.default\">\n\t\t\t\t\t<h2 class=\"elementor-heading-title elementor-size-default\">Millega me tegeleme?<\/h2>\t\t\t\t<\/div>\n\t\t\t\t<div class=\"elementor-element elementor-element-3746985d elementor-widget elementor-widget-text-editor\" data-id=\"3746985d\" data-element_type=\"widget\" data-e-type=\"widget\" data-widget_type=\"text-editor.default\">\n\t\t\t\t\t\t\t\t\t<p><span style=\"font-size: 1rem;\">Tegeleme aktiivse turuuuringuga, objektide hindamisega, l\u00e4bir\u00e4\u00e4kimiste korraldamisega, ostu- ja m\u00fc\u00fcgiprotsessiga ja \u00fc\u00fcriprotsessi koordineerimisega, et leida kliendi vajadustele ja eelarvele vastav lahendus.<\/span><\/p>\n<p>Ostu ja m\u00fc\u00fcgiprotsessi l\u00e4biviimine:<\/p>\n<ul>\n<li>konsulteerimine<\/li>\n<li>l\u00e4bir\u00e4\u00e4kimised<\/li>\n<li><span style=\"background-color: transparent;\">hindamine<\/span><\/li>\n<li>notari tehinug korraldamine<\/li>\n<\/ul>\n<p data-start=\"2009\" data-end=\"2022\">Teenuse osad:<\/p>\n<ul>\n<li>objekti turundus<\/li>\n<li><span style=\"background-color: transparent;\">turuhinna anal\u00fc\u00fcs<\/span><\/li>\n<li><span style=\"background-color: transparent;\">\u00fc\u00fcrnike leidmine<\/span><\/li>\n<li><span style=\"background-color: transparent;\">tehingu korraldamine<\/span><\/li>\n<\/ul>\n<p data-start=\"2152\" data-end=\"2184\">Aitame ettev\u00f5tetel leida sobiva:<\/p>\n<ul data-start=\"2186\" data-end=\"2248\">\n<li data-section-id=\"105jl0y\" data-start=\"2186\" data-end=\"2198\">\n<p data-start=\"2188\" data-end=\"2198\">laopinna<\/p>\n<\/li>\n<li data-section-id=\"105jl0y\" data-start=\"2186\" data-end=\"2198\">\n<p data-start=\"2188\" data-end=\"2198\"><span style=\"background-color: transparent;\">b\u00fcroopinna<\/span><\/p>\n<\/li>\n<li data-section-id=\"105jl0y\" data-start=\"2186\" data-end=\"2198\">\n<p data-start=\"2188\" data-end=\"2198\"><span style=\"background-color: transparent;\">kombineeritud lao- ja b\u00fcroopinna<\/span><\/p>\n<\/li>\n<\/ul>\n<p data-start=\"2250\" data-end=\"2314\">V\u00f5tame arvesse ettev\u00f5tte tegevust, logistikat ja tuleviku kasvu.<\/p>\n<p><!-- \/wp:paragraph --><\/p>\t\t\t\t\t\t\t\t<\/div>\n\t\t\t\t\t<\/div>\n\t\t\t\t<\/div>\n\t\t\t\t<\/div>","protected":false},"excerpt":{"rendered":"<p>Millega me tegeleme? Tegeleme aktiivse turuuuringuga, objektide hindamisega, l\u00e4bir\u00e4\u00e4kimiste korraldamisega, ostu- ja m\u00fc\u00fcgiprotsessiga ja \u00fc\u00fcriprotsessi koordineerimisega, et leida kliendi vajadustele ja eelarvele vastav lahendus. Ostu ja m\u00fc\u00fcgiprotsessi l\u00e4biviimine: konsulteerimine l\u00e4bir\u00e4\u00e4kimised hindamine notari tehinug korraldamine Teenuse osad: objekti turundus turuhinna anal\u00fc\u00fcs \u00fc\u00fcrnike leidmine tehingu korraldamine Aitame ettev\u00f5tetel leida sobiva: laopinna b\u00fcroopinna kombineeritud lao- ja b\u00fcroopinna V\u00f5tame [&hellip;]<\/p>\n","protected":false},"author":2,"featured_media":0,"parent":0,"menu_order":0,"comment_status":"closed","ping_status":"closed","template":"","meta":{"_monsterinsights_skip_tracking":false,"_monsterinsights_sitenote_active":false,"_monsterinsights_sitenote_note":"","_monsterinsights_sitenote_category":0,"footnotes":""},"class_list":["post-206","page","type-page","status-publish","hentry"],"aioseo_notices":[],"_links":{"self":[{"href":"https:\/\/wessbroker.ee\/en\/wp-json\/wp\/v2\/pages\/206","targetHints":{"allow":["GET"]}}],"collection":[{"href":"https:\/\/wessbroker.ee\/en\/wp-json\/wp\/v2\/pages"}],"about":[{"href":"https:\/\/wessbroker.ee\/en\/wp-json\/wp\/v2\/types\/page"}],"author":[{"embeddable":true,"href":"https:\/\/wessbroker.ee\/en\/wp-json\/wp\/v2\/users\/2"}],"replies":[{"embeddable":true,"href":"https:\/\/wessbroker.ee\/en\/wp-json\/wp\/v2\/comments?post=206"}],"version-history":[{"count":25,"href":"https:\/\/wessbroker.ee\/en\/wp-json\/wp\/v2\/pages\/206\/revisions"}],"predecessor-version":[{"id":573,"href":"https:\/\/wessbroker.ee\/en\/wp-json\/wp\/v2\/pages\/206\/revisions\/573"}],"wp:attachment":[{"href":"https:\/\/wessbroker.ee\/en\/wp-json\/wp\/v2\/media?parent=206"}],"curies":[{"name":"wp","href":"https:\/\/api.w.org\/{rel}","templated":true}]}}