{"id":20,"date":"2026-02-12T09:14:52","date_gmt":"2026-02-12T09:14:52","guid":{"rendered":"https:\/\/wessbroker.ee\/avaleht\/"},"modified":"2026-03-26T13:15:58","modified_gmt":"2026-03-26T13:15:58","slug":"avaleht","status":"publish","type":"page","link":"https:\/\/wessbroker.ee\/en\/","title":{"rendered":"Avaleht"},"content":{"rendered":"<div data-elementor-type=\"wp-page\" data-elementor-id=\"20\" class=\"elementor elementor-20\">\n\t\t\t\t<div class=\"elementor-element elementor-element-c210294 e-flex e-con-boxed e-con e-parent\" data-id=\"c210294\" data-element_type=\"container\" data-e-type=\"container\">\n\t\t\t\t\t<div class=\"e-con-inner\">\n\t\t<div class=\"elementor-element elementor-element-78180d2 e-con-full e-flex e-con e-child\" data-id=\"78180d2\" data-element_type=\"container\" data-e-type=\"container\">\n\t\t\t\t<div class=\"elementor-element elementor-element-2fdabde elementor-widget elementor-widget-image\" data-id=\"2fdabde\" data-element_type=\"widget\" data-e-type=\"widget\" data-widget_type=\"image.default\">\n\t\t\t\t\t\t\t\t\t\t\t\t\t\t\t<img fetchpriority=\"high\" decoding=\"async\" width=\"800\" height=\"312\" src=\"https:\/\/wessbroker.ee\/wp-content\/uploads\/2026\/02\/REV2_EXT-1-scaled-1-1-1024x399.webp\" class=\"attachment-large size-large wp-image-427\" alt=\"\" srcset=\"https:\/\/wessbroker.ee\/wp-content\/uploads\/2026\/02\/REV2_EXT-1-scaled-1-1-1024x399.webp 1024w, https:\/\/wessbroker.ee\/wp-content\/uploads\/2026\/02\/REV2_EXT-1-scaled-1-1-300x117.webp 300w, https:\/\/wessbroker.ee\/wp-content\/uploads\/2026\/02\/REV2_EXT-1-scaled-1-1-768x299.webp 768w, https:\/\/wessbroker.ee\/wp-content\/uploads\/2026\/02\/REV2_EXT-1-scaled-1-1-1536x598.webp 1536w, https:\/\/wessbroker.ee\/wp-content\/uploads\/2026\/02\/REV2_EXT-1-scaled-1-1-2048x798.webp 2048w, https:\/\/wessbroker.ee\/wp-content\/uploads\/2026\/02\/REV2_EXT-1-scaled-1-1-18x7.webp 18w\" sizes=\"(max-width: 800px) 100vw, 800px\" \/>\t\t\t\t\t\t\t\t\t\t\t\t\t\t\t<\/div>\n\t\t\t\t<\/div>\n\t\t<div class=\"elementor-element elementor-element-7787a59 e-con-full e-flex e-con e-child\" data-id=\"7787a59\" data-element_type=\"container\" data-e-type=\"container\">\n\t\t\t\t<div class=\"elementor-element elementor-element-dc53823 elementor-widget elementor-widget-text-editor\" data-id=\"dc53823\" data-element_type=\"widget\" data-e-type=\"widget\" data-widget_type=\"text-editor.default\">\n\t\t\t\t\t\t\t\t\t<div class=\"wp-block-group\">\n<p><\/p>\n<h2 class=\"wp-block-heading\"><span style=\"color: #000000;\">Kinnisvara leidmine vastavalt teie vajadustele<\/span><\/h2>\n<p><\/p>\n<p>Wess-broker aitab teil leida ja osta kinnisvara, mis vastab teie vajadusele ja n\u00f5udmistele, pakkudes usaldusv\u00e4\u00e4rset n\u00f5u ning personaalset l\u00e4henemist igal sammul<\/p>\n<p data-start=\"1086\" data-end=\"1165\"><span class=\"BZ_Pyq_fadeIn\">Spetsialiseerume <\/span><span class=\"BZ_Pyq_fadeIn\">\u00e4rikinnisvarale \u2013 <\/span><span class=\"BZ_Pyq_fadeIn\">eelk\u00f5ige <\/span><span class=\"BZ_Pyq_fadeIn\">v\u00e4iksematele <\/span><span class=\"BZ_Pyq_fadeIn\">ja <\/span><span class=\"BZ_Pyq_fadeIn\">keskmise <\/span><span class=\"BZ_Pyq_fadeIn\">suurusega:<\/span><\/p>\n<p>\u00a0<\/p>\n<p data-start=\"1171\" data-end=\"1250\"><span class=\"BZ_Pyq_fadeIn\">\u2022 <\/span><span class=\"BZ_Pyq_fadeIn\">laoboksid<\/span><br data-start=\"1185\" data-end=\"1188\" \/><span class=\"BZ_Pyq_fadeIn\">\u2022 <\/span><span class=\"BZ_Pyq_fadeIn\">b\u00fcroopinnad<\/span><br data-start=\"1206\" data-end=\"1209\" \/><span class=\"BZ_Pyq_fadeIn\">\u2022 <\/span><span class=\"BZ_Pyq_fadeIn\">v\u00e4ikestele <\/span><span class=\"BZ_Pyq_fadeIn\">tootmis- <\/span><span class=\"BZ_Pyq_fadeIn\">ja <\/span><span class=\"BZ_Pyq_fadeIn\">\u00e4ripindadele<\/span><\/p>\n<\/div>\n<div class=\"wp-block-column is-vertically-aligned-center\">\n<p><\/p>\n<\/div>\n<p><!-- \/wp:column --><\/p>\n<p><!-- \/wp:columns --><\/p>\n<p><!-- \/wp:group --><\/p>\t\t\t\t\t\t\t\t<\/div>\n\t\t\t\t<\/div>\n\t\t\t\t\t<\/div>\n\t\t\t\t<\/div>\n\t\t<div class=\"elementor-element elementor-element-29a2286 e-flex e-con-boxed e-con e-parent\" data-id=\"29a2286\" data-element_type=\"container\" data-e-type=\"container\">\n\t\t\t\t\t<div class=\"e-con-inner\">\n\t\t\t\t\t<\/div>\n\t\t\t\t<\/div>\n\t\t\t\t<\/div>","protected":false},"excerpt":{"rendered":"<p>Kinnisvara leidmine vastavalt teie vajadustele Wess-broker aitab teil leida ja osta kinnisvara, mis vastab teie vajadusele ja n\u00f5udmistele, pakkudes usaldusv\u00e4\u00e4rset n\u00f5u ning personaalset l\u00e4henemist igal sammul Spetsialiseerume \u00e4rikinnisvarale \u2013 eelk\u00f5ige v\u00e4iksematele ja keskmise suurusega: \u00a0 \u2022 laoboksid\u2022 b\u00fcroopinnad\u2022 v\u00e4ikestele tootmis- ja \u00e4ripindadele<\/p>","protected":false},"author":2,"featured_media":0,"parent":0,"menu_order":0,"comment_status":"closed","ping_status":"closed","template":"","meta":{"_monsterinsights_skip_tracking":false,"_monsterinsights_sitenote_active":false,"_monsterinsights_sitenote_note":"","_monsterinsights_sitenote_category":0,"footnotes":""},"class_list":["post-20","page","type-page","status-publish","hentry"],"aioseo_notices":[],"_links":{"self":[{"href":"https:\/\/wessbroker.ee\/en\/wp-json\/wp\/v2\/pages\/20","targetHints":{"allow":["GET"]}}],"collection":[{"href":"https:\/\/wessbroker.ee\/en\/wp-json\/wp\/v2\/pages"}],"about":[{"href":"https:\/\/wessbroker.ee\/en\/wp-json\/wp\/v2\/types\/page"}],"author":[{"embeddable":true,"href":"https:\/\/wessbroker.ee\/en\/wp-json\/wp\/v2\/users\/2"}],"replies":[{"embeddable":true,"href":"https:\/\/wessbroker.ee\/en\/wp-json\/wp\/v2\/comments?post=20"}],"version-history":[{"count":61,"href":"https:\/\/wessbroker.ee\/en\/wp-json\/wp\/v2\/pages\/20\/revisions"}],"predecessor-version":[{"id":554,"href":"https:\/\/wessbroker.ee\/en\/wp-json\/wp\/v2\/pages\/20\/revisions\/554"}],"wp:attachment":[{"href":"https:\/\/wessbroker.ee\/en\/wp-json\/wp\/v2\/media?parent=20"}],"curies":[{"name":"wp","href":"https:\/\/api.w.org\/{rel}","templated":true}]}}