{"id":18,"date":"2026-02-12T09:14:52","date_gmt":"2026-02-12T09:14:52","guid":{"rendered":"https:\/\/wessbroker.ee\/teenused\/"},"modified":"2026-03-26T13:29:48","modified_gmt":"2026-03-26T13:29:48","slug":"meist","status":"publish","type":"page","link":"https:\/\/wessbroker.ee\/en\/meist\/","title":{"rendered":"Meist"},"content":{"rendered":"<div data-elementor-type=\"wp-page\" data-elementor-id=\"18\" class=\"elementor elementor-18\">\n\t\t\t\t<div class=\"elementor-element elementor-element-072e6f3 e-flex e-con-boxed e-con e-parent\" data-id=\"072e6f3\" data-element_type=\"container\" data-e-type=\"container\">\n\t\t\t\t\t<div class=\"e-con-inner\">\n\t\t<div class=\"elementor-element elementor-element-e18e7e5 e-con-full e-flex e-con e-child\" data-id=\"e18e7e5\" data-element_type=\"container\" data-e-type=\"container\">\n\t\t\t\t<div class=\"elementor-element elementor-element-13e42de elementor-widget elementor-widget-heading\" data-id=\"13e42de\" data-element_type=\"widget\" data-e-type=\"widget\" data-widget_type=\"heading.default\">\n\t\t\t\t\t<h2 class=\"elementor-heading-title elementor-size-default\">Kes me oleme?<\/h2>\t\t\t\t<\/div>\n\t\t\t\t<div class=\"elementor-element elementor-element-3a9f53f elementor-widget elementor-widget-text-editor\" data-id=\"3a9f53f\" data-element_type=\"widget\" data-e-type=\"widget\" data-widget_type=\"text-editor.default\">\n\t\t\t\t\t\t\t\t\t<p>Wessbroker aitab teil osta, m\u00fc\u00fca ja \u00fc\u00fcrile anda kinnisvara.<br><span class=\"BZ_Pyq_fadeIn\" style=\"background-color: transparent;\">Spetsialiseerume <\/span><span class=\"BZ_Pyq_fadeIn\" style=\"background-color: transparent;\">\u00e4rikinnisvarale, kuid samuti elukondliku kinnisvaraga.<br>Aitame tehnigute korraldamisel.<br><\/span><\/p><ul>\n<li data-section-id=\"1gejony\" data-start=\"2385\" data-end=\"2422\">\n<p data-start=\"2387\" data-end=\"2422\"><span class=\"BZ_Pyq_fadeIn\">keskendume <\/span><span class=\"BZ_Pyq_fadeIn\">lao- <\/span><span class=\"BZ_Pyq_fadeIn\">ja <\/span><span class=\"BZ_Pyq_fadeIn\">b\u00fcroopindadele<\/span><\/p>\n<\/li>\n<li data-section-id=\"nsxp88\" data-start=\"2423\" data-end=\"2459\">\n<p data-start=\"2425\" data-end=\"2459\"><span class=\"BZ_Pyq_fadeIn\">tunneme <\/span><span class=\"BZ_Pyq_fadeIn\">M\u00f5igu <\/span><span class=\"BZ_Pyq_fadeIn\">\u00c4ripargi <\/span><span class=\"BZ_Pyq_fadeIn\">piirkonda<\/span><\/p>\n<\/li>\n<\/ul>\n<ul>\n<li data-section-id=\"3eytld\" data-start=\"2460\" data-end=\"2492\">\n<p data-start=\"2462\" data-end=\"2492\"><span class=\"BZ_Pyq_fadeIn\">personaalne <\/span><span class=\"BZ_Pyq_fadeIn\">ja <\/span><span class=\"BZ_Pyq_fadeIn\">paindlik <\/span><span class=\"BZ_Pyq_fadeIn\">teenus<\/span><\/p>\n<\/li>\n<\/ul>\t\t\t\t\t\t\t\t<\/div>\n\t\t\t\t<\/div>\n\t\t<div class=\"elementor-element elementor-element-db16047 e-con-full e-flex e-con e-child\" data-id=\"db16047\" data-element_type=\"container\" data-e-type=\"container\">\n\t\t\t\t<div class=\"elementor-element elementor-element-2709b00 elementor-widget elementor-widget-image\" data-id=\"2709b00\" data-element_type=\"widget\" data-e-type=\"widget\" data-widget_type=\"image.default\">\n\t\t\t\t\t\t\t\t\t\t\t\t\t\t\t<img fetchpriority=\"high\" decoding=\"async\" width=\"800\" height=\"450\" src=\"https:\/\/wessbroker.ee\/wp-content\/uploads\/2026\/02\/REV2_EXT-2-scaled-1-1024x576.jpg\" class=\"attachment-large size-large wp-image-461\" alt=\"\" srcset=\"https:\/\/wessbroker.ee\/wp-content\/uploads\/2026\/02\/REV2_EXT-2-scaled-1-1024x576.jpg 1024w, https:\/\/wessbroker.ee\/wp-content\/uploads\/2026\/02\/REV2_EXT-2-scaled-1-300x169.jpg 300w, https:\/\/wessbroker.ee\/wp-content\/uploads\/2026\/02\/REV2_EXT-2-scaled-1-768x432.jpg 768w, https:\/\/wessbroker.ee\/wp-content\/uploads\/2026\/02\/REV2_EXT-2-scaled-1-1536x864.jpg 1536w, https:\/\/wessbroker.ee\/wp-content\/uploads\/2026\/02\/REV2_EXT-2-scaled-1-2048x1152.jpg 2048w, https:\/\/wessbroker.ee\/wp-content\/uploads\/2026\/02\/REV2_EXT-2-scaled-1-18x10.jpg 18w\" sizes=\"(max-width: 800px) 100vw, 800px\" \/>\t\t\t\t\t\t\t\t\t\t\t\t\t\t\t<\/div>\n\t\t\t\t<\/div>\n\t\t\t\t\t<\/div>\n\t\t\t\t<\/div>\n\t\t\t\t<\/div>","protected":false},"excerpt":{"rendered":"<p>Kes me oleme? Wessbroker aitab teil osta, m\u00fc\u00fca ja \u00fc\u00fcrile anda kinnisvara.Spetsialiseerume \u00e4rikinnisvarale, kuid samuti elukondliku kinnisvaraga.Aitame tehnigute korraldamisel. keskendume lao- ja b\u00fcroopindadele tunneme M\u00f5igu \u00c4ripargi piirkonda personaalne ja paindlik teenus<\/p>","protected":false},"author":2,"featured_media":0,"parent":0,"menu_order":0,"comment_status":"closed","ping_status":"closed","template":"","meta":{"_monsterinsights_skip_tracking":false,"_monsterinsights_sitenote_active":false,"_monsterinsights_sitenote_note":"","_monsterinsights_sitenote_category":0,"footnotes":""},"class_list":["post-18","page","type-page","status-publish","hentry"],"aioseo_notices":[],"_links":{"self":[{"href":"https:\/\/wessbroker.ee\/en\/wp-json\/wp\/v2\/pages\/18","targetHints":{"allow":["GET"]}}],"collection":[{"href":"https:\/\/wessbroker.ee\/en\/wp-json\/wp\/v2\/pages"}],"about":[{"href":"https:\/\/wessbroker.ee\/en\/wp-json\/wp\/v2\/types\/page"}],"author":[{"embeddable":true,"href":"https:\/\/wessbroker.ee\/en\/wp-json\/wp\/v2\/users\/2"}],"replies":[{"embeddable":true,"href":"https:\/\/wessbroker.ee\/en\/wp-json\/wp\/v2\/comments?post=18"}],"version-history":[{"count":33,"href":"https:\/\/wessbroker.ee\/en\/wp-json\/wp\/v2\/pages\/18\/revisions"}],"predecessor-version":[{"id":561,"href":"https:\/\/wessbroker.ee\/en\/wp-json\/wp\/v2\/pages\/18\/revisions\/561"}],"wp:attachment":[{"href":"https:\/\/wessbroker.ee\/en\/wp-json\/wp\/v2\/media?parent=18"}],"curies":[{"name":"wp","href":"https:\/\/api.w.org\/{rel}","templated":true}]}}